{"id":348,"date":"2012-10-09T08:57:53","date_gmt":"2012-10-09T08:57:53","guid":{"rendered":"http:\/\/www.demo.purethemes.net\/centum\/?page_id=6"},"modified":"2022-01-04T11:17:52","modified_gmt":"2022-01-04T14:17:52","slug":"inicio","status":"publish","type":"page","link":"https:\/\/www.pcfix.com.ar\/sitioweb\/","title":{"rendered":"Inicio"},"content":{"rendered":"<p><div class=\"column one-third   \"> <div class=\"icon-box\"><i class=\"ico-display blue\" style=\"margin-left: -10px;\"><\/i><div class=\"icon-box-content\"><h3>Respuestas r\u00e1pidas<\/h3><p>Nos esforzamos para que nuestros clientes puedan trabajar sin ininterrupciones.<\/p><\/div><\/div> <\/div> <div class=\"column one-third   \"> <div class=\"icon-box\"><i class=\"ico-cogwheel gray\" style=\"margin-left: -10px;\"><\/i><div class=\"icon-box-content\"><h3>Optimizacion de recursos<\/h3><p>Integraci\u00f3n de tecnolog\u00eda para optimizaci\u00f3n de recursos.<\/p><\/div><\/div> <\/div> <div class=\"column one-third  omega\"> <div class=\"icon-box\"><i class=\"ico-iphone gray\" style=\"margin-left: -10px;\"><\/i><div class=\"icon-box-content\"><h3>Soporte Remoto<\/h3><p>Soluciones adaptadas a reducir tiempos solucionando inconvenientes de forma remota.<\/p><\/div><\/div> <\/div><br class=\"clear\" \/><\/p>\n<p><div class=\"columns sixteen   \"><div class=\"headline low-margin\"><h3>Servicios<\/h3><\/div><\/div><br \/>\n<div class=\"four columns\"><div class=\"picture\"><a  href=\"https:\/\/www.pcfix.com.ar\/sitioweb\/portfolio\/hosting-y-housing\/\"><img width=\"300\" height=\"200\" src=\"https:\/\/www.pcfix.com.ar\/sitioweb\/wp-content\/uploads\/2019\/08\/hosting-300x200.jpg\" class=\"attachment-portfolio-thumb size-portfolio-thumb wp-post-image\" alt=\"\" decoding=\"async\" loading=\"lazy\" \/><div class=\"image-overlay-link\"><\/div><\/a><\/div> <div class=\"item-description\"><h5><a href=\"https:\/\/www.pcfix.com.ar\/sitioweb\/portfolio\/hosting-y-housing\/\">Hosting y Housing<\/a><\/h5><p>Resguarde sus datos, centro de procesamiento con nuestros servicios de Hosting<\/p><\/div><\/div><div class=\"four columns\"><div class=\"picture\"><a  href=\"https:\/\/www.pcfix.com.ar\/sitioweb\/portfolio\/soporteit\/\"><img width=\"300\" height=\"200\" src=\"https:\/\/www.pcfix.com.ar\/sitioweb\/wp-content\/uploads\/2014\/06\/soporteit-300x200.png\" class=\"attachment-portfolio-thumb size-portfolio-thumb wp-post-image\" alt=\"\" decoding=\"async\" loading=\"lazy\" srcset=\"https:\/\/www.pcfix.com.ar\/sitioweb\/wp-content\/uploads\/2014\/06\/soporteit-300x200.png 300w, https:\/\/www.pcfix.com.ar\/sitioweb\/wp-content\/uploads\/2014\/06\/soporteit.png 512w\" sizes=\"(max-width: 300px) 100vw, 300px\" \/><div class=\"image-overlay-link\"><\/div><\/a><\/div> <div class=\"item-description\"><h5><a href=\"https:\/\/www.pcfix.com.ar\/sitioweb\/portfolio\/soporteit\/\">Soporte IT<\/a><\/h5><p>Especialistas en que el parque inform\u00e1tico de su empresa est\u00e9 operativo<\/p><\/div><\/div><div class=\"four columns\"><div class=\"picture\"><a  href=\"https:\/\/www.pcfix.com.ar\/sitioweb\/portfolio\/networking\/\"><img width=\"300\" height=\"200\" src=\"https:\/\/www.pcfix.com.ar\/sitioweb\/wp-content\/uploads\/2012\/10\/networking-pcfix-300x200.jpg\" class=\"attachment-portfolio-thumb size-portfolio-thumb wp-post-image\" alt=\"\" decoding=\"async\" loading=\"lazy\" \/><div class=\"image-overlay-link\"><\/div><\/a><\/div> <div class=\"item-description\"><h5><a href=\"https:\/\/www.pcfix.com.ar\/sitioweb\/portfolio\/networking\/\">Networking<\/a><\/h5><p>Dise\u00f1amos e implantamos proyectos de Telecomuniaciones, integrando equipamientos, sistemas y comunicaciones<\/p><\/div><\/div><div class=\"four columns\"><div class=\"picture\"><a  href=\"https:\/\/www.pcfix.com.ar\/sitioweb\/portfolio\/seguridad-ip\/\"><img width=\"300\" height=\"200\" src=\"https:\/\/www.pcfix.com.ar\/sitioweb\/wp-content\/uploads\/2012\/10\/camaraip-vivotek-300x200.jpg\" class=\"attachment-portfolio-thumb size-portfolio-thumb wp-post-image\" alt=\"\" decoding=\"async\" loading=\"lazy\" \/><div class=\"image-overlay-link\"><\/div><\/a><\/div> <div class=\"item-description\"><h5><a href=\"https:\/\/www.pcfix.com.ar\/sitioweb\/portfolio\/seguridad-ip\/\">Seguridad IP<\/a><\/h5><p>Sistemas de seguridad perimetr\u00e1l de maximo rendimiento y fiabilidad. <\/p><\/div><\/div><\/p>\n","protected":false},"excerpt":{"rendered":"","protected":false},"author":2,"featured_media":0,"parent":0,"menu_order":0,"comment_status":"closed","ping_status":"closed","template":"template-home-flex.php","meta":[],"_links":{"self":[{"href":"https:\/\/www.pcfix.com.ar\/sitioweb\/wp-json\/wp\/v2\/pages\/348"}],"collection":[{"href":"https:\/\/www.pcfix.com.ar\/sitioweb\/wp-json\/wp\/v2\/pages"}],"about":[{"href":"https:\/\/www.pcfix.com.ar\/sitioweb\/wp-json\/wp\/v2\/types\/page"}],"author":[{"embeddable":true,"href":"https:\/\/www.pcfix.com.ar\/sitioweb\/wp-json\/wp\/v2\/users\/2"}],"replies":[{"embeddable":true,"href":"https:\/\/www.pcfix.com.ar\/sitioweb\/wp-json\/wp\/v2\/comments?post=348"}],"version-history":[{"count":18,"href":"https:\/\/www.pcfix.com.ar\/sitioweb\/wp-json\/wp\/v2\/pages\/348\/revisions"}],"predecessor-version":[{"id":536,"href":"https:\/\/www.pcfix.com.ar\/sitioweb\/wp-json\/wp\/v2\/pages\/348\/revisions\/536"}],"wp:attachment":[{"href":"https:\/\/www.pcfix.com.ar\/sitioweb\/wp-json\/wp\/v2\/media?parent=348"}],"curies":[{"name":"wp","href":"https:\/\/api.w.org\/{rel}","templated":true}]}}