{"id":21,"date":"2012-10-09T09:26:33","date_gmt":"2012-10-09T09:26:33","guid":{"rendered":"http:\/\/www.demo.purethemes.net\/centum\/?page_id=21"},"modified":"2018-03-21T13:55:41","modified_gmt":"2018-03-21T16:55:41","slug":"about-us","status":"publish","type":"page","link":"https:\/\/www.pcfix.com.ar\/sitioweb\/about-us\/","title":{"rendered":"\u00bfQuienes somos?"},"content":{"rendered":"<p><div class=\"column two-thirds  alpha\"><div class=\"headline no-margin\"><h4>Nuestro Enfoque<\/h4><\/div><br \/>\nEstamos dedicados a la comercializaci\u00f3n de productos y prestaci\u00f3n de servicios en el \u00e1rea inform\u00e1tica y comunicaciones, brindando soluciones tecnol\u00f3gicas para cada problem\u00e1tica, mediante la provisi\u00f3n de una amplia variedad de productos y con personal capacitado.<\/p>\n<p>Disponemos de un completo taller dedicado a la atenci\u00f3n de nuestros clientes, en el cual se cubre el \u00e1mbito inform\u00e1tico, incluyendo hardware, software, redes, seguridad, copias de respaldo, Internet, y donde se realizan instalaciones, configuraciones, capacitaci\u00f3n y dise\u00f1o. Contamos adem\u00e1s con unidades para el traslado del personal, lo que nos permite la atenci\u00f3n en un corto plazo.<\/p>\n<p>Nuestros clientes garantizan que nuestros servicios constan de una excelente atenci\u00f3n y son respaldados por las \u00faltimas tecnolog\u00edas y t\u00e9cnicas disponibles; asegurando que nuestros servicios se brinden con fluidez y din\u00e1mica en el manejo de informaci\u00f3n dentro de la empresa, acorde con las exigencias que estos tiempos requieren.<\/p>\n<p>Usuarios accediendo a servidores, impresoras, Internet, servidores que se comunican con otros servidores locales o remotos. Telefonia IP.<br \/>\nTodos estos v\u00ednculos y m\u00e1s, conforman el voluminoso y complejo tr\u00e1fico diario de una red actual. Estos accesos requieren ser llevados a cabo en el menor tiempo de respuesta posible, conservando la confiabilidad.<\/p>\n<p>Nuestras soluciones de Equipamiento de Networking se adecuan a los actuales esce-narios. Nuestros t\u00e9cnicos al analizar e investigar constantemente nuevas tecnolog\u00edas determinan las ventajas que cada producto ofrece para los distintos modelos o tipo de negocio. Nuestro objetivo consiste en aumentar la productividad de las comunicaciones de nuestros clientes ofreciendo confiabilidad y versatilidad utilizando tecnolog\u00eda acorde al crecimiento de los mismos.<\/p>\n<p>Nuestra infraestructura nos permite poner a su disposici\u00f3n un plantel t\u00e9cnico para asesorarlo ante cualquier duda que se le presente, brindando las opciones que mejor se adecuen a sus requerimientos; participando activamente en las actividades de su empresa, con proyectos de cableado estructurado, dise\u00f1o y documentaci\u00f3n de sus redes de comunicaci\u00f3n, y ofreciendo equipamiento de conectividad de \u00faltima tecnolog\u00eda.<\/p>\n<p>Contamos con personal certificado para el asesoramiento y\/o ejecuci\u00f3n de estas tareas.<\/p>\n<p><\/div> <div class=\"column one-third  omega\"> <div class=\"headline no-margin\"><h4> Trabaje con nosotros<\/h4><\/div><div class=\"large-notice\"><h2>Coder \/ Dise\u00f1ador Web<\/h2><br \/>\nOfrecemos oportunidades laborares muy buenas<br \/>\n<a class=\"button medium color\" href=\"https:\/\/www.pcfix.com.ar\/backupsitioweb\/?page_id=120\" > Ponerme en contacto\u00a0<\/a> <\/div><\/div><br class=\"clear\" \/><\/p>\n","protected":false},"excerpt":{"rendered":"","protected":false},"author":2,"featured_media":0,"parent":0,"menu_order":0,"comment_status":"closed","ping_status":"closed","template":"template-full.php","meta":[],"_links":{"self":[{"href":"https:\/\/www.pcfix.com.ar\/sitioweb\/wp-json\/wp\/v2\/pages\/21"}],"collection":[{"href":"https:\/\/www.pcfix.com.ar\/sitioweb\/wp-json\/wp\/v2\/pages"}],"about":[{"href":"https:\/\/www.pcfix.com.ar\/sitioweb\/wp-json\/wp\/v2\/types\/page"}],"author":[{"embeddable":true,"href":"https:\/\/www.pcfix.com.ar\/sitioweb\/wp-json\/wp\/v2\/users\/2"}],"replies":[{"embeddable":true,"href":"https:\/\/www.pcfix.com.ar\/sitioweb\/wp-json\/wp\/v2\/comments?post=21"}],"version-history":[{"count":12,"href":"https:\/\/www.pcfix.com.ar\/sitioweb\/wp-json\/wp\/v2\/pages\/21\/revisions"}],"predecessor-version":[{"id":566,"href":"https:\/\/www.pcfix.com.ar\/sitioweb\/wp-json\/wp\/v2\/pages\/21\/revisions\/566"}],"wp:attachment":[{"href":"https:\/\/www.pcfix.com.ar\/sitioweb\/wp-json\/wp\/v2\/media?parent=21"}],"curies":[{"name":"wp","href":"https:\/\/api.w.org\/{rel}","templated":true}]}}